{"id":45,"date":"2015-01-06T14:04:45","date_gmt":"2015-01-06T12:04:45","guid":{"rendered":"http:\/\/dr-najwa-b-kafka.de\/?page_id=45"},"modified":"2015-01-06T14:04:45","modified_gmt":"2015-01-06T12:04:45","slug":"impressum","status":"publish","type":"page","link":"http:\/\/dr-najwa-b-kafka.de\/?page_id=45","title":{"rendered":"Impressum"},"content":{"rendered":"<p>Verantworlich f\u00fcr die Domain dr-najwa-b-kafka.de gem.\u00a76 Teledienstegesetz<\/p>\n<p>Dr. Najwa B. Kafka<br \/>Spiegelgasse 203<br \/>84028 Landshut<br \/>\n<br \/>Tel: 01728505719<\/p>\n<p>eMail: artinfo.najwa-kafka@gmx.de<\/p>\n<p><span style=\"font-weight: bold;\">Haftung f\u00fcr Inhalte<br \/>\n<\/span><br \/>Die Inhalte dieser Seite werden mit gr\u00f6\u00dfter Sorgfalt erstellt. F\u00fcr Richtigkeit, Vollst\u00e4ndigkeit und Aktualit\u00e4t dieser Inhalte kann jedoch keine Haftung \u00fcbernommen werden. &nbsp; Recht und Technologien weiterentwickeln sich st\u00e4ndig weiter. Daher k\u00f6nnen Informationen nach einiger Zeit veraltet, unrichtig oder widerspr\u00fcchlich sein. Es kann keine Verantwortung f\u00fcr Sch\u00e4den \u00fcbernommen werden, die durch das Vertrauen auf die Inhalte dieser Website oder deren Gebrauch entstehen.<br \/>\n&nbsp;<\/p>\n<p><span style=\"font-weight: bold;\">Urheberrecht\/ Verwertungsrechte<br \/>\n<\/span><br \/>Die Ver\u00f6ffentlichungen auf diesen Seiten unterliegen dem deutschen Urheberrecht. Beitr\u00e4ge Dritter sind als solche gekennzeichnet. Vervielf\u00e4ltigung, Bearbeitung und jede Art der Verwertung au\u00dferhalb der Grenzen des Urheberrechtes bed\u00fcrfen der Zustimmung. Sollten Sie Inhalte unserer Seiten \u00fcbernehmen wollen, nehmen Sie Konakt zur der o.a. Adresse auf. Der Urheber r\u00e4umt Ihnen ganz konkret das Nutzungsrecht ein, sich eine private Kopie f\u00fcr pers\u00f6nliche Zwecke anzufertigen. Nicht berechtigt sind Sie dagegen, die Inhalte und Bestandteile zu ver\u00e4ndern und\/oder weiterzugeben oder gar selbst zu ver\u00f6ffentlichen.<\/p>\n","protected":false},"excerpt":{"rendered":"<p>Verantworlich f\u00fcr die Domain dr-najwa-b-kafka.de gem.\u00a76 Teledienstegesetz Dr. Najwa B. KafkaSpiegelgasse 20384028 Landshut Tel: 01728505719 eMail: artinfo.najwa-kafka@gmx.de Haftung f\u00fcr Inhalte Die Inhalte dieser Seite werden mit gr\u00f6\u00dfter Sorgfalt erstellt. F\u00fcr Richtigkeit, Vollst\u00e4ndigkeit und Aktualit\u00e4t dieser Inhalte kann jedoch keine Haftung \u00fcbernommen werden. &nbsp; Recht und Technologien weiterentwickeln sich st\u00e4ndig weiter. Daher k\u00f6nnen Informationen nach einiger [&hellip;]<\/p>\n","protected":false},"author":1,"featured_media":0,"parent":0,"menu_order":14,"comment_status":"closed","ping_status":"open","template":"","meta":{"ngg_post_thumbnail":0},"_links":{"self":[{"href":"http:\/\/dr-najwa-b-kafka.de\/index.php?rest_route=\/wp\/v2\/pages\/45"}],"collection":[{"href":"http:\/\/dr-najwa-b-kafka.de\/index.php?rest_route=\/wp\/v2\/pages"}],"about":[{"href":"http:\/\/dr-najwa-b-kafka.de\/index.php?rest_route=\/wp\/v2\/types\/page"}],"author":[{"embeddable":true,"href":"http:\/\/dr-najwa-b-kafka.de\/index.php?rest_route=\/wp\/v2\/users\/1"}],"replies":[{"embeddable":true,"href":"http:\/\/dr-najwa-b-kafka.de\/index.php?rest_route=%2Fwp%2Fv2%2Fcomments&post=45"}],"version-history":[{"count":0,"href":"http:\/\/dr-najwa-b-kafka.de\/index.php?rest_route=\/wp\/v2\/pages\/45\/revisions"}],"wp:attachment":[{"href":"http:\/\/dr-najwa-b-kafka.de\/index.php?rest_route=%2Fwp%2Fv2%2Fmedia&parent=45"}],"curies":[{"name":"wp","href":"https:\/\/api.w.org\/{rel}","templated":true}]}}