{"id":43,"date":"2015-01-06T14:04:43","date_gmt":"2015-01-06T12:04:43","guid":{"rendered":"http:\/\/dr-najwa-b-kafka.de\/?page_id=43"},"modified":"2023-02-26T22:54:29","modified_gmt":"2023-02-26T20:54:29","slug":"vita","status":"publish","type":"page","link":"https:\/\/dr-najwa-b-kafka.de\/?page_id=43","title":{"rendered":"Vita"},"content":{"rendered":"<p>&nbsp;<\/p>\n<table class=\"nbk-article\" style=\"width: 120.191%; height: 766px;\">\n<tbody>\n<tr>\n<td style=\"width: 31.2592%;\"><img decoding=\"async\" loading=\"lazy\" class=\"nbk-lightbox\" src=\"http:\/\/dr-najwa-b-kafka.de\/wp-content\/uploads\/2015\/01\/drnajwabkafka.jpg\" alt=\"\" width=\"331\" height=\"472\"><\/td>\n<td style=\"width: 1.46413%;\">&nbsp;<\/td>\n<td style=\"width: 46.2718%;\">\n<h4>Najwa Kafka:&nbsp;<\/h4>\n<h4>&nbsp;<\/h4>\n<h4>&nbsp;Die unterschiedlichen Kulturen, in denen Najwa Kafka aufwuchs, weckten ihre Liebe zur Malerei und versch\u00e4rften ihren Blick f\u00fcr besondere Eindr\u00fccke von Kindheit an.<\/h4>\n<h4>Durch einen Freund der Familie, der ein renommierter Maler und Dekan der Akademie f\u00fcr Fine Art in Bagdad war, Dr. Khalid al Jader, machte sie ihre ersten Schritte in der Malerei und sp\u00e4ter als Gaststudent der Akademie unter der Leitung von Dr. Khalid Al Jader und Herrn Jassin Shaker. Auch wenn ihr beruflicher Lebensweg sie in die Naturwissenschaft f\u00fchrte, arbeitete sie weiter an ihrem Talent und besuchte Workshops und Malkurse an der Julian Ashton Art School in Sydney (unter der Leitung von Josefia Lemon) und nahm Privatunterricht beim M\u00fcnchener Maler Helmut Vakily.<\/h4>\n<p>&nbsp;<\/p>\n<p>&nbsp;<\/p>\n<p>Najwa Kafka<br \/>\nIhre Bilder sind Momentaufnahmen inmitten von Schnelllebigkeit und Bewegung in einem urbanen Umfeld, in dem Frauen die zentrale Rolle spielen und im Wortsinn im Mittelpunkt des Bildes stehen. Ihnen geb\u00fchrt<br \/>\nder Platz, den sie verdienen bis hin zum pers\u00f6nlichen Detail. Sie sind selbstbewusst, manchmal tr\u00e4umerisch oder reflektiert. Als Teil ihrer Umgebung bleiben sie solit\u00e4r und einzigartig in ihrem Wesen.<br \/>\nEin besonderer Aspekt der Malerei von Najwa Kafka liegt in der Dynamik ihrer Bilder. Nicht nur die Figuren selber, sondern auch ihr Umfeld ist von geradezu mobilisierender Bewegung. Flie\u00dfende und solide Linien ziehen die Augen des Betrachters in das Bild hinein und f\u00fchren um es herum. Alltagsgegenst\u00e4nde wie Fahrr\u00e4der und Autos oder Naturelemente werden eingesetzt, um diese Bewegung abzubilden. Der Betrachter f\u00fchlt f\u00f6rmlich den Wind, wie er in den Haaren spielt oder den Rock der Frauen bl\u00e4ht. Er folgt den Sonnenstrahlen, wie sie auf den Meereswellen tanzen oder ein Potpourri von Farben auf dem Belag der Stra\u00dfen oder H\u00e4userw\u00e4nden reflektieren.<br \/>\nAuch wenn die Szenen der Bilder in urbaner Umgebung spielen, verwendet die K\u00fcnstlerin keine rein geometrischen oder architektonischen Mittel, um der Perspektive Tiefe zu verleihen. Diese entsteht vielmehr durch meisterlich gesetzte Farben, Formen, Linien und Kontraste.<\/p>\n<p>Die intensiven Farben von Najwa Kafka erinnern an die 1912 entstandene Bewegung Der Blaue Reiter und ihre f\u00fchrenden Vertreter Wassily Kandinsky, Franz Marc oder Gabriele M\u00fcnter. Auf der Suche nach einer Kunst, welche die pers\u00f6nlichen Erfahrungen des Menschen in seiner Konfrontation mit der Natur zum Ausdruck bringt, ist diese Schule auch hundert Jahre sp\u00e4ter von bleibender Bedeutung und auch im k\u00fcnstlerischen Schaffen von Najwa Kafka mit ihrem expressiven, manchmal zum Abstrakten neigenden Stil, den symbolstarken Farben und kristallinen Formstrukturen aktuell wie kaum zuvor. Die thematische Auswahl von Weiblichkeit im Kontext der Metropole und der schnelle, kr\u00e4ftige Einsatz der Linien l\u00e4sst den Betrachter wiederum auch an das Gef\u00fchl der Unmittelbarkeit und Geschwindigkeit in den Werken Ernst Ludwig Kirchners, um Beispiel im \u201eNollendorfplatz\u201c, denken.&nbsp;&nbsp;&nbsp;&nbsp;&nbsp;&nbsp;&nbsp;&nbsp;&nbsp;&nbsp;&nbsp;&nbsp;&nbsp;&nbsp;&nbsp;&nbsp;&nbsp;&nbsp;&nbsp; Rafael Raddy M.A.<\/td>\n<\/tr>\n<\/tbody>\n<\/table>\n","protected":false},"excerpt":{"rendered":"<p>&nbsp; &nbsp; Najwa Kafka:&nbsp; &nbsp; &nbsp;Die unterschiedlichen Kulturen, in denen Najwa Kafka aufwuchs, weckten ihre Liebe zur Malerei und versch\u00e4rften ihren Blick f\u00fcr besondere Eindr\u00fccke von Kindheit an. Durch einen Freund der Familie, der ein renommierter Maler und Dekan der Akademie f\u00fcr Fine Art in Bagdad war, Dr. Khalid al Jader, machte sie ihre ersten [&hellip;]<\/p>\n","protected":false},"author":1,"featured_media":0,"parent":0,"menu_order":12,"comment_status":"closed","ping_status":"open","template":"","meta":{"ngg_post_thumbnail":0},"_links":{"self":[{"href":"https:\/\/dr-najwa-b-kafka.de\/index.php?rest_route=\/wp\/v2\/pages\/43"}],"collection":[{"href":"https:\/\/dr-najwa-b-kafka.de\/index.php?rest_route=\/wp\/v2\/pages"}],"about":[{"href":"https:\/\/dr-najwa-b-kafka.de\/index.php?rest_route=\/wp\/v2\/types\/page"}],"author":[{"embeddable":true,"href":"https:\/\/dr-najwa-b-kafka.de\/index.php?rest_route=\/wp\/v2\/users\/1"}],"replies":[{"embeddable":true,"href":"https:\/\/dr-najwa-b-kafka.de\/index.php?rest_route=%2Fwp%2Fv2%2Fcomments&post=43"}],"version-history":[{"count":14,"href":"https:\/\/dr-najwa-b-kafka.de\/index.php?rest_route=\/wp\/v2\/pages\/43\/revisions"}],"predecessor-version":[{"id":1094,"href":"https:\/\/dr-najwa-b-kafka.de\/index.php?rest_route=\/wp\/v2\/pages\/43\/revisions\/1094"}],"wp:attachment":[{"href":"https:\/\/dr-najwa-b-kafka.de\/index.php?rest_route=%2Fwp%2Fv2%2Fmedia&parent=43"}],"curies":[{"name":"wp","href":"https:\/\/api.w.org\/{rel}","templated":true}]}}